{"id":616,"date":"2018-04-27T14:55:45","date_gmt":"2018-04-27T12:55:45","guid":{"rendered":"http:\/\/themebubble.com\/demo\/hotelluxe\/?page_id=616"},"modified":"2025-05-22T15:19:14","modified_gmt":"2025-05-22T13:19:14","slug":"kontakt","status":"publish","type":"page","link":"https:\/\/alpenrose-ramsau.at\/de\/kontakt\/","title":{"rendered":"Kontakt"},"content":{"rendered":"<section class=\"l-section wpb_row height_medium\"><div class=\"l-section-h i-cf\"><div class=\"g-cols vc_row via_grid cols_1 laptops-cols_inherit tablets-cols_inherit mobiles-cols_1 valign_top type_default stacking_default\"><div class=\"wpb_column vc_column_container\"><div class=\"vc_column-inner\"><div class=\"w-separator hide_on_default hide_on_laptops hide_on_tablets size_huge\"><\/div><div class=\"wpb_text_column\"><div class=\"wpb_wrapper\"><h1 style=\"text-align: center;\">Kontaktieren Sie uns!<\/h1>\n<p style=\"text-align: center;\">Ihr Interesse am Ferienhaus &#8222;Alpenrose Boutique Chalet&#8220; freut uns.<\/p>\n<p style=\"text-align: center;\">Schreiben Sie uns am besten direkt an <a href=\"mailto:office@alpenrose-ramsau.at\">office@alpenrose-ramsau.at<\/a>.<\/p>\n<p style=\"text-align: center;\">Ihre Gastgeber<br \/>\n<strong>Marlies und Benni Grossmann<\/strong><\/p>\n<\/div><\/div><div class=\"w-separator size_small\"><\/div><div class=\"w-image align_center\"><div class=\"w-image-h\"><img decoding=\"async\" width=\"250\" height=\"333\" src=\"https:\/\/alpenrose-ramsau.at\/wp-content\/uploads\/2025\/05\/benni-und-marlies-grossmann-alpenrose-ramsau.jpg\" class=\"attachment-full size-full\" alt=\"Benni und Marlies Grossmann, Alpenrose Ramsau\" loading=\"lazy\" srcset=\"https:\/\/alpenrose-ramsau.at\/wp-content\/uploads\/2025\/05\/benni-und-marlies-grossmann-alpenrose-ramsau.jpg 250w, https:\/\/alpenrose-ramsau.at\/wp-content\/uploads\/2025\/05\/benni-und-marlies-grossmann-alpenrose-ramsau-225x300.jpg 225w\" sizes=\"auto, (max-width: 250px) 100vw, 250px\" \/><\/div><\/div><div class=\"w-separator size_medium\"><\/div><div class=\"wpb_text_column\"><div class=\"wpb_wrapper\"><h2 style=\"text-align: center;\" data-start=\"327\" data-end=\"342\">Adresse<\/h2>\n<p class=\"\" style=\"text-align: center;\" data-start=\"343\" data-end=\"431\"><strong data-start=\"343\" data-end=\"374\">Alpenrose \u2013 Boutique Chalet<\/strong><br data-start=\"374\" data-end=\"377\" \/>Schildlehen 67<br data-start=\"391\" data-end=\"394\" \/>8972 Ramsau am Dachstein<br data-start=\"418\" data-end=\"421\" \/>\u00d6sterreich<\/p>\n<\/div><\/div><div class=\"w-separator size_medium\" id=\"anfahrt\"><\/div><div class=\"wpb_text_column\"><div class=\"wpb_wrapper\"><h2 style=\"text-align: center;\">Anfahrt mit dem Auto<\/h2>\n<p class=\"\" style=\"text-align: center;\" data-start=\"210\" data-end=\"325\">Damit Sie entspannt und sicher ankommen, beachten Sie bitte folgenden Hinweis zur Anfahrt \u2013 insbesondere im Winter:<\/p>\n<ol>\n<li><strong>Von Schladming kommend<\/strong>, folgen Sie der Beschilderung Richtung <strong>Ramsau am Dachstein<\/strong>.<\/li>\n<li>Durchqueren Sie Ramsau Ort in Richtung <strong>Dachstein-Gletscher<\/strong> \u2013 bleiben Sie dabei auf der <strong>Dachsteinstra\u00dfe (L711)<\/strong>.<\/li>\n<li>Fahren Sie weiter, bis Sie rechts auf die <strong>Dachstein-Mautstra\u00dfe<\/strong> abbiegen k\u00f6nnen (diese ist gut ausgeschildert).<\/li>\n<li><strong>Wichtig: Biegen Sie direkt vor der Mautstation rechts ab!<\/strong><br \/>\n(Folgen Sie bitte NICHT den Anweisungen von Google Maps, die eventuell \u00fcber den Walcherhof bzw. Gl\u00f6shof f\u00fchren.)<\/li>\n<li>Nach der Abzweigung erreichen Sie die <strong>Alpenrose<\/strong> nach wenigen Metern.<\/li>\n<\/ol>\n<h3 style=\"text-align: center;\">\ufe0f Hinweis zu Navigationssystemen:<\/h3>\n<p style=\"text-align: center;\">Bitte geben Sie zus\u00e4tzlich zur Adresse das Stichwort <strong>\u201eDachstein-Mautstra\u00dfe\u201c<\/strong> ein oder orientieren Sie sich an der <strong>Mautstation Dachsteinstra\u00dfe<\/strong> \u2013 <strong>und biegen Sie direkt davor rechts ab<\/strong>, wie oben beschrieben.<\/p>\n<\/div><\/div><\/div><\/div><\/div><\/div><\/section>\n","protected":false},"excerpt":{"rendered":"Kontaktieren Sie uns! Ihr Interesse am Ferienhaus &#8222;Alpenrose Boutique Chalet&#8220; freut uns. Schreiben Sie uns am besten direkt an office@alpenrose-ramsau.at. Ihre Gastgeber Marlies und Benni Grossmann Adresse Alpenrose \u2013 Boutique ChaletSchildlehen 678972 Ramsau am Dachstein\u00d6sterreich Anfahrt mit dem Auto Damit Sie entspannt und sicher ankommen, beachten Sie bitte folgenden Hinweis zur Anfahrt \u2013 insbesondere im...","protected":false},"author":2,"featured_media":0,"parent":0,"menu_order":7,"comment_status":"closed","ping_status":"closed","template":"","meta":{"footnotes":""},"class_list":["post-616","page","type-page","status-publish","hentry"],"_links":{"self":[{"href":"https:\/\/alpenrose-ramsau.at\/de\/wp-json\/wp\/v2\/pages\/616","targetHints":{"allow":["GET"]}}],"collection":[{"href":"https:\/\/alpenrose-ramsau.at\/de\/wp-json\/wp\/v2\/pages"}],"about":[{"href":"https:\/\/alpenrose-ramsau.at\/de\/wp-json\/wp\/v2\/types\/page"}],"author":[{"embeddable":true,"href":"https:\/\/alpenrose-ramsau.at\/de\/wp-json\/wp\/v2\/users\/2"}],"replies":[{"embeddable":true,"href":"https:\/\/alpenrose-ramsau.at\/de\/wp-json\/wp\/v2\/comments?post=616"}],"version-history":[{"count":41,"href":"https:\/\/alpenrose-ramsau.at\/de\/wp-json\/wp\/v2\/pages\/616\/revisions"}],"predecessor-version":[{"id":3894,"href":"https:\/\/alpenrose-ramsau.at\/de\/wp-json\/wp\/v2\/pages\/616\/revisions\/3894"}],"wp:attachment":[{"href":"https:\/\/alpenrose-ramsau.at\/de\/wp-json\/wp\/v2\/media?parent=616"}],"curies":[{"name":"wp","href":"https:\/\/api.w.org\/{rel}","templated":true}]}}