{"id":2138,"date":"2018-11-28T15:18:05","date_gmt":"2018-11-28T14:18:05","guid":{"rendered":"http:\/\/wordpress.p488960.webspaceconfig.de\/datenschutzeinstellungen-benutzer-seite\/"},"modified":"2025-11-19T19:57:15","modified_gmt":"2025-11-19T18:57:15","slug":"datenschutz","status":"publish","type":"page","link":"https:\/\/alpenrose-ramsau.at\/de\/datenschutz\/","title":{"rendered":"Datenschutz"},"content":{"rendered":"<section class=\"l-section wpb_row height_large color_alternate with_img\"><div class=\"l-section-img\" role=\"img\" aria-label=\"Abseits von Wanderungen bietet der Dachstein auch sonst viele Aktivit\u00e4ten\" data-img-width=\"2000\" data-img-height=\"1335\" style=\"background-image: url(https:\/\/alpenrose-ramsau.at\/wp-content\/uploads\/2018\/12\/image-370649.jpg);\"><\/div><div class=\"l-section-overlay\" style=\"background:rgba(0,0,0,0.10)\"><\/div><div class=\"l-section-h i-cf\"><div class=\"g-cols vc_row via_grid cols_1 laptops-cols_inherit tablets-cols_inherit mobiles-cols_1 valign_top type_default stacking_default\"><div class=\"wpb_column vc_column_container\"><div class=\"vc_column-inner\"><div class=\"w-separator size_large\"><\/div><div class=\"wpb_text_column\"><div class=\"wpb_wrapper\"><h1 style=\"text-align: center; text-shadow: 2px 2px 4px rgba(0,0,0,0.75);\">Informationen zum Datenschutz<\/h1>\n<\/div><\/div><\/div><\/div><\/div><\/div><\/section><section class=\"l-section wpb_row height_medium\"><div class=\"l-section-h i-cf\"><div class=\"g-cols vc_row via_grid cols_1 laptops-cols_inherit tablets-cols_inherit mobiles-cols_1 valign_top type_default stacking_default\"><div class=\"wpb_column vc_column_container\"><div class=\"vc_column-inner\"><div class=\"wpb_text_column\"><div class=\"wpb_wrapper\"><p style=\"text-align: center;\">Wir nehmen den Schutz Ihrer personenbezogenen Daten sehr ernst. Wir verarbeiten Ihre personenbezogenen Daten entsprechend der gesetzlichen Datenschutzvorschriften sowie dieser Datenschutzerkl\u00e4rung.<\/p>\n<p style=\"text-align: center;\">Die Nutzung unserer Webseite ist in der Regel ohne Angabe personenbezogener Daten m\u00f6glich. Soweit auf unseren Seiten personenbezogene Daten (beispielsweise Name, Anschrift oder E-Mail-Adressen) erhoben werden, erfolgt dies, soweit m\u00f6glich, stets auf freiwilliger Basis.<\/p>\n<\/div><\/div><div class=\"w-separator size_medium\"><\/div><div class=\"wpb_text_column\"><div class=\"wpb_wrapper\"><h2 style=\"text-align: center;\">Auftragsverarbeiter, Empf\u00e4nger<\/h2>\n<p style=\"text-align: center;\">Wir verarbeiten Ihre personenbezogenen Daten mit der Unterst\u00fctzung von Auftragsverarbeitern, welche uns bei der Bereitstellung der Dienste unterst\u00fctzen (z.B. Webhoster, E-Mail-Newsletter-Versanddienst).<\/p>\n<p style=\"text-align: center;\">Diese Auftragsverarbeiter sind zum strengen Schutz Ihrer personenbezogenen Daten verpflichtet und d\u00fcrfen Ihre personenbezogenen Daten zu keinem anderen Zweck als zur Bereitstellung unserer Dienste verarbeiten.<\/p>\n<p style=\"text-align: center;\">Eine Weitergabe Ihrer personenbezogenen Daten erfolgt nur an wirtschaftstypische Dienstleister wie z.B. Banken (im Fall von \u00dcberweisungen an Sie), Steuerberater (falls Sie in unserer Buchhaltung vorkommen), Versanddienstleister (im Fall der Versendung an Sie), etc.<\/p>\n<\/div><\/div><div class=\"w-separator size_medium\"><\/div><div class=\"wpb_text_column\"><div class=\"wpb_wrapper\"><h2 style=\"text-align: center;\">Buchungsformular<\/h2>\n<p style=\"text-align: center;\">Nach Absenden des Buchungsformulars erfolgt eine Verarbeitung der von Ihnen eingegebenen personenbezogenen Daten durch den datenschutzrechtlich Verantwortlichen zum Zweck der Bearbeitung Ihrer Anfrage auf Grundlage Ihrer durch das Absenden des Formulars erteilten Einwilligung.<\/p>\n<p style=\"text-align: center;\">Es besteht keine gesetzliche oder vertragliche Verpflichtung zur Bereitstellung der personenbezogenen Daten. Die Nichtbereitstellung hat lediglich zur Folge, dass Sie Ihr Anliegen nicht \u00fcbermitteln und wir dieses nicht bearbeiten k\u00f6nnen.<\/p>\n<p style=\"text-align: center;\">Sie haben das Recht, Ihre Einwilligung jederzeit durch schriftliche Mitteilung zu widerrufen, ohne dass die Rechtm\u00e4\u00dfigkeit der aufgrund der Einwilligung bis zum Widerruf erfolgten Verarbeitung ber\u00fchrt wird.<\/p>\n<p style=\"text-align: center;\">Es erfolgt eine Weiterverarbeitung der Daten, welche mit dem urspr\u00fcnglichen Verarbeitungszweck vereinbar ist, auf derselben Rechtsgrundlage <strong>zum Zweck des Direktmarketings in nicht einwilligungspflichtigen Formen, wie dem adressierten postalischen Versand von Werbung<\/strong>, bis auf Widerspruch. In diesem Fall erfolgt eine Weitergabe der Daten an den Versanddienstleister.<\/p>\n<p style=\"text-align: center;\">Sie haben das Recht, der Verwendung Ihrer personenbezogenen Daten zum Zweck der Direktwerbung jederzeit durch schriftliche Mitteilung zu widersprechen. Im Fall des Widerspruchs werden Ihre personenbezogenen Daten nicht mehr zum Zweck der Direktwerbung verarbeitet.<\/p>\n<\/div><\/div><div class=\"w-separator size_medium\"><\/div><div class=\"wpb_text_column\"><div class=\"wpb_wrapper\"><h2 style=\"text-align: center;\">E-Mail-Newsletter<\/h2>\n<p style=\"text-align: center;\">Durch Ankreuzen der Checkbox willigen Sie in die Verarbeitung der von Ihnen eingegebenen personenbezogenen Daten zum Zweck der Information \u00fcber <strong>Produktnachrichten, exklusive Angebote, Aktionen und Termine mittels eines E-Mail-Newsletters<\/strong> durch den datenschutzrechtlich Verantwortlichen bis auf Widerruf bzw. Widerspruch ein.<\/p>\n<p style=\"text-align: center;\">Es besteht keine gesetzliche oder vertragliche Verpflichtung zur Bereitstellung der personenbezogenen Daten. Die Nichteinwilligung hat lediglich zur Folge, dass Sie keinen E-Mail-Newsletter erhalten.<\/p>\n<p style=\"text-align: center;\">Sie haben das Recht, Ihre Einwilligung jederzeit durch schriftliche Mitteilung oder durch Klick auf den Abmeldelink im E-Mail-Newsletter zu widerrufen, ohne dass die Rechtm\u00e4\u00dfigkeit der aufgrund der Einwilligung bis zum Widerruf erfolgten Verarbeitung ber\u00fchrt wird.<\/p>\n<p style=\"text-align: center;\">Ebenso k\u00f6nnen Sie der Verwendung Ihrer personenbezogenen Daten zum Zweck der Direktwerbung auf selbe Weise widersprechen. Im Fall des Widerspruchs werden Ihre personenbezogenen Daten nicht mehr zum Zweck der Direktwerbung in Form eines E-Mail-Newsletters verarbeitet.<\/p>\n<\/div><\/div><div class=\"w-separator size_medium\"><\/div><div class=\"wpb_text_column\"><div class=\"wpb_wrapper\"><h2 style=\"text-align: center;\">Cookies<\/h2>\n<p style=\"text-align: center;\">Diese Website verwendet Cookies.<\/p>\n<p style=\"text-align: center;\">Cookies machen Websites f\u00fcr den Benutzer benutzerfreundlicher und effizienter. Ein Cookie ist eine kleine Textdatei, die zur Speicherung von Informationen dient. Beim Besuch einer Website kann die Website auf dem Computer des Website-Besuchers ein Cookie platzieren. Besucht der Benutzer die Website sp\u00e4ter wieder, kann die Website die Daten des fr\u00fcher gespeicherten Cookies auslesen und so z.B. feststellen, ob der Benutzer die Website schon fr\u00fcher besucht hat und f\u00fcr welche Bereiche der Website sich der Benutzer besonders interessiert hat.<\/p>\n<p style=\"text-align: center;\">Mehr Informationen zu Cookies erhalten Sie auf\u00a0<a href=\"http:\/\/de.wikipedia.org\/wiki\/HTTP-Cookie\">http:\/\/de.wikipedia.org\/wiki\/HTTP-Cookie<\/a><\/p>\n<h3 style=\"text-align: center;\">\u00c4ndern der Cookie-Einstellungen<\/h3>\n<p style=\"text-align: center;\">Wie der Web-Browser mit Cookies umgeht, welche Cookies zugelassen oder abgelehnt werden, kann der Benutzer in den Einstellungen des Web-Browsers festlegen. Wo genau sich diese Einstellungen befinden, h\u00e4ngt vom jeweiligen Web-Browser ab. Detailinformationen dazu k\u00f6nnen \u00fcber die Hilfe-Funktion des jeweiligen Web-Browsers aufgerufen werden.<\/p>\n<p style=\"text-align: center;\">Wenn die Nutzung von Cookies eingeschr\u00e4nkt wird, sind unter Umst\u00e4nden nicht mehr alle Funktionen dieser Website vollumf\u00e4nglich nutzbar.<\/p>\n<\/div><\/div><div class=\"w-separator size_medium\"><\/div><div class=\"wpb_text_column\"><div class=\"wpb_wrapper\"><h2 style=\"text-align: center;\">Ihre Rechte<\/h2>\n<p style=\"text-align: center;\">Sie haben das Recht auf Auskunft, Berichtigung, L\u00f6schung und Einschr\u00e4nkung der Verarbeitung der personenbezogenen Daten.<\/p>\n<p style=\"text-align: center;\">Soweit die Rechtsgrundlage der Verarbeitung Ihrer personenbezogenen Daten in Ihrer Einwilligung oder in einem mit Ihnen abgeschlossenen Vertrag besteht, haben Sie zudem das Recht auf Daten\u00fcbertragbarkeit.<\/p>\n<p style=\"text-align: center;\">Sie haben das Recht auf Widerruf einer eventuell erteilten Einwilligung zur Verarbeitung Ihrer personenbezogenen Daten. Die Rechtm\u00e4\u00dfigkeit der Verarbeitung der personenbezogenen Daten bis zum Widerruf wird durch den Widerruf nicht ber\u00fchrt.<\/p>\n<p style=\"text-align: center;\">Sie haben das Recht auf Widerspruch gegen die Verarbeitung Ihrer personenbezogenen Daten zum Zweck der Direktwerbung. Im Fall des Widerspruchs werden Ihre personenbezogenen Daten nicht mehr zum Zwecke der Direktwerbung verarbeitet.<\/p>\n<p style=\"text-align: center;\">Weiters haben Sie das Recht auf Beschwerde bei der Aufsichtsbeh\u00f6rde (\u00d6sterreichische Datenschutzbeh\u00f6rde, Wickenburggasse 8, 1080 Wien, dsb@dsb.gv.at).<\/p>\n<\/div><\/div><\/div><\/div><\/div><\/div><\/section>\n","protected":false},"excerpt":{"rendered":"Informationen zum Datenschutz Wir nehmen den Schutz Ihrer personenbezogenen Daten sehr ernst. Wir verarbeiten Ihre personenbezogenen Daten entsprechend der gesetzlichen Datenschutzvorschriften sowie dieser Datenschutzerkl\u00e4rung. Die Nutzung unserer Webseite ist in der Regel ohne Angabe personenbezogener Daten m\u00f6glich. Soweit auf unseren Seiten personenbezogene Daten (beispielsweise Name, Anschrift oder E-Mail-Adressen) erhoben werden, erfolgt dies, soweit m\u00f6glich, stets...","protected":false},"author":2,"featured_media":0,"parent":0,"menu_order":90,"comment_status":"closed","ping_status":"closed","template":"","meta":{"footnotes":""},"class_list":["post-2138","page","type-page","status-publish","hentry"],"_links":{"self":[{"href":"https:\/\/alpenrose-ramsau.at\/de\/wp-json\/wp\/v2\/pages\/2138","targetHints":{"allow":["GET"]}}],"collection":[{"href":"https:\/\/alpenrose-ramsau.at\/de\/wp-json\/wp\/v2\/pages"}],"about":[{"href":"https:\/\/alpenrose-ramsau.at\/de\/wp-json\/wp\/v2\/types\/page"}],"author":[{"embeddable":true,"href":"https:\/\/alpenrose-ramsau.at\/de\/wp-json\/wp\/v2\/users\/2"}],"replies":[{"embeddable":true,"href":"https:\/\/alpenrose-ramsau.at\/de\/wp-json\/wp\/v2\/comments?post=2138"}],"version-history":[{"count":29,"href":"https:\/\/alpenrose-ramsau.at\/de\/wp-json\/wp\/v2\/pages\/2138\/revisions"}],"predecessor-version":[{"id":3870,"href":"https:\/\/alpenrose-ramsau.at\/de\/wp-json\/wp\/v2\/pages\/2138\/revisions\/3870"}],"wp:attachment":[{"href":"https:\/\/alpenrose-ramsau.at\/de\/wp-json\/wp\/v2\/media?parent=2138"}],"curies":[{"name":"wp","href":"https:\/\/api.w.org\/{rel}","templated":true}]}}