{"id":1767,"date":"2018-11-27T09:28:40","date_gmt":"2018-11-27T08:28:40","guid":{"rendered":"http:\/\/wordpress.p488960.webspaceconfig.de\/?page_id=1767"},"modified":"2025-05-22T15:18:38","modified_gmt":"2025-05-22T13:18:38","slug":"winter","status":"publish","type":"page","link":"https:\/\/alpenrose-ramsau.at\/de\/winter\/","title":{"rendered":"Winter"},"content":{"rendered":"<section class=\"l-section wpb_row height_large color_alternate with_img\"><div class=\"l-section-img\" role=\"img\" aria-label=\"Skitouren am Dachstein\" data-img-width=\"2000\" data-img-height=\"1333\" style=\"background-image: url(https:\/\/alpenrose-ramsau.at\/wp-content\/uploads\/2018\/12\/image-157003.jpg);\"><\/div><div class=\"l-section-overlay\" style=\"background:rgba(0,0,0,0.10)\"><\/div><div class=\"l-section-h i-cf\"><div class=\"g-cols vc_row via_grid cols_1 laptops-cols_inherit tablets-cols_inherit mobiles-cols_1 valign_top type_default stacking_default\"><div class=\"wpb_column vc_column_container\"><div class=\"vc_column-inner\"><div class=\"w-separator size_large\"><\/div><div class=\"wpb_text_column\"><div class=\"wpb_wrapper\"><h1 style=\"text-align: center; text-shadow: 2px 2px 4px rgba(0,0,0,0.75);\">Glitzernder Winterzauber in der Natur<\/h1>\n<\/div><\/div><\/div><\/div><\/div><\/div><\/section><section class=\"l-section wpb_row height_medium\"><div class=\"l-section-h i-cf\"><div class=\"g-cols vc_row via_grid cols_1 laptops-cols_inherit tablets-cols_inherit mobiles-cols_1 valign_top type_default stacking_default\"><div class=\"wpb_column vc_column_container\"><div class=\"vc_column-inner\"><div class=\"wpb_text_column\"><div class=\"wpb_wrapper\"><h2 style=\"text-align: center;\">Langlaufen, Skaten, Biathlon<\/h2>\n<p style=\"text-align: center;\">Direkt am <strong>220 Kilometer umfassenden Langlaufloipen-Netz von Raumsau<\/strong> gelegen, ist das Chalet Alpenrose idealer Ausgangspunkt und R\u00fcckzugsort f\u00fcr sportbegeisterte Amateure und Biathleten, die ihr Training in der <strong>Langlauf-Hochburg Ramsau<\/strong> bestreiten. Im Wintersportort Ramsau am Dachstein findet man ein <a href=\"https:\/\/www.schladming-dachstein.at\/de\/Winter\/Langlaufen#Biathlon\" target=\"_blank\" rel=\"noopener\">professionelles Biathlon Trainingszentrum<\/a>\u00a0f\u00fcr alle nordischen Disziplinen. Langl\u00e4ufer, Skater, Biathleten und nordische Kombinierer aus der ganzen Welt kommen nach Ramsau bei Schladming in der Steiermark um die Ruhe und die optimalen Trainingsbedingungen zu genie\u00dfen.<\/p>\n<\/div><\/div><\/div><\/div><\/div><\/div><\/section><section class=\"l-section wpb_row us_custom_ebb2387b height_large color_footer-top with_img parallax_ver\"><div class=\"l-section-img\" role=\"img\" aria-label=\"Sonnenaufgang am Dachstein\" data-img-width=\"2000\" data-img-height=\"1333\" style=\"background-image: url(https:\/\/alpenrose-ramsau.at\/wp-content\/uploads\/2018\/12\/image-370498.jpg);background-position: top center;background-repeat: no-repeat;\"><\/div><div class=\"l-section-h i-cf\"><div class=\"g-cols vc_row via_grid cols_1 laptops-cols_inherit tablets-cols_inherit mobiles-cols_1 valign_middle type_default stacking_default\"><div class=\"wpb_column vc_column_container\"><div class=\"vc_column-inner\"><div class=\"w-separator size_huge\"><\/div><div class=\"wpb_text_column us_custom_aa60275c\"><div class=\"wpb_wrapper\"><p style=\"text-align: center; text-shadow: 2px 2px 4px rgba(0,0,0,0.5);\">Sportler wie Genie\u00dfer lassen sich verzaubern<\/p>\n<\/div><\/div><\/div><\/div><\/div><\/div><\/section><section class=\"l-section wpb_row height_medium\"><div class=\"l-section-h i-cf\"><div class=\"g-cols vc_row via_grid cols_1 laptops-cols_inherit tablets-cols_inherit mobiles-cols_1 valign_top type_default stacking_default\"><div class=\"wpb_column vc_column_container\"><div class=\"vc_column-inner\"><div class=\"wpb_text_column\"><div class=\"wpb_wrapper\"><h3 style=\"text-align: center;\">Skifahren<\/h3>\n<h2 style=\"text-align: center;\">Endloses Wintervergn\u00fcgen<\/h2>\n<p style=\"text-align: center;\">Glitzernde H\u00e4nge, fesselnde Abfahrten aller Schwierigkeitsgrade, Erlebnisse auf und abseits der Pisten und ein <strong>atemberaubendes Alpenpanorama<\/strong> erwartet Wintersportler in der Dachstein-Region rund um Ramsau.<\/p>\n<p style=\"text-align: center;\">Schier grenzenlos erscheinende Pisten in einem der <a href=\"https:\/\/www.schladming-dachstein.at\/de\/Winter\/Skiberge\" target=\"_blank\" rel=\"noopener\">gr\u00f6\u00dften\u00a0zusammenh\u00e4ngenden Pistenareale \u00d6sterreichs<\/a>, endlose M\u00f6glichkeiten die Stunden im Schnee zu genie\u00dfen, <strong>modernste Anlagen<\/strong>, meisterhafte <strong>Berggastronomie<\/strong> und abwechslungsreiche <strong>Unterhaltung<\/strong> bei Tag und Nacht \u2013 das alles ist <strong>Ramsau und Schladming<\/strong>.<\/p>\n<p style=\"text-align: center;\">Die optimale Lage von Ramsau inmitten der <a href=\"http:\/\/www.4berge.at\/\" target=\"_blank\" rel=\"noopener\">4-Berge-Skischaukel<\/a>\u00a0(Hauser Kaibling, Planai, Hochwurzen, Reiteralm) und der <a href=\"https:\/\/www.schladming-dachstein.at\/de\/Winter\/Skifahren\" target=\"_blank\" rel=\"noopener\">Skiregion Ramsau am Dachstein<\/a> (Ski Amad\u00e9) macht die <strong>Region rund um Schladming<\/strong> im Winter zum beliebten Urlaubsziel.<\/p>\n<\/div><\/div><\/div><\/div><\/div><\/div><\/section><section class=\"l-section wpb_row us_custom_ebb2387b height_large color_footer-top with_img parallax_ver\"><div class=\"l-section-img\" role=\"img\" aria-label=\"Wintersport wird gro\u00dfgeschrieben...\" data-img-width=\"2000\" data-img-height=\"1333\" style=\"background-image: url(https:\/\/alpenrose-ramsau.at\/wp-content\/uploads\/2018\/12\/image-370574.jpg);background-position: top center;background-repeat: no-repeat;\"><\/div><div class=\"l-section-h i-cf\"><div class=\"g-cols vc_row via_grid cols_1 laptops-cols_inherit tablets-cols_inherit mobiles-cols_1 valign_middle type_default stacking_default\"><div class=\"wpb_column vc_column_container\"><div class=\"vc_column-inner\"><div class=\"w-separator size_huge\"><\/div><div class=\"wpb_text_column us_custom_aa60275c\"><div class=\"wpb_wrapper\"><p style=\"text-align: center; text-shadow: 2px 2px 4px rgba(0,0,0,0.5);\">Skitouren, Rodeln, Eislaufen<\/p>\n<\/div><\/div><\/div><\/div><\/div><\/div><\/section><section class=\"l-section wpb_row height_medium\"><div class=\"l-section-h i-cf\"><div class=\"g-cols vc_row via_grid cols_1 laptops-cols_inherit tablets-cols_inherit mobiles-cols_1 valign_top type_default stacking_default\"><div class=\"wpb_column vc_column_container\"><div class=\"vc_column-inner\"><div class=\"wpb_text_column\"><div class=\"wpb_wrapper\"><h3 style=\"text-align: center;\">F\u00fcr Naturfans und Alpinbegeisterte<\/h3>\n<h2 style=\"text-align: center;\">Schneeschuhwandern oder eine Skitour?<\/h2>\n<p style=\"text-align: center;\">Viele <strong>ausgeschilderte Routen<\/strong> f\u00fcr gem\u00fctliche <strong>Winterspazierg\u00e4nge<\/strong> und <strong>alpine Bergtouren<\/strong> lassen Ihnen freie Wahl f\u00fcr Ihre Freizeitgestaltung. Manchmal macht es auch Spa\u00df, einen Gang zur\u00fcck zu schalten und beim entspannten Spaziergang die glitzernde Winterlandschaft zu bewundern. <strong>Rodeln und Schlittschuhlaufen<\/strong> geh\u00f6ren bei einem Winterurlaub in \u00d6sterreich selbstverst\u00e4ndlich zum Unterhaltungsprogramm genauso dazu wie <strong>gem\u00fctliche Abende in der H\u00fctte<\/strong> und die Schneeballschlacht vor dem Boutique Chalet Alpenrose.<\/p>\n<p style=\"text-align: center;\">Die Sonne, der glitzernde Schnee und die <strong>herrlich frische Luft<\/strong> lassen das Herz und die Seele springen.<\/p>\n<p style=\"text-align: center;\">Hier finden Sie noch mehr <a href=\"https:\/\/www.schladming-dachstein.at\/de\/Winter\" target=\"_blank\" rel=\"noopener\">Tipps f\u00fcr Ihren Winterurlaub in Ramsau<\/a>.<\/p>\n<\/div><\/div><\/div><\/div><\/div><\/div><\/section><section class=\"l-section wpb_row height_medium\" id=\"drei-winterbilder\"><div class=\"l-section-h i-cf\"><div class=\"g-cols vc_row via_grid cols_3 laptops-cols_inherit tablets-cols_inherit mobiles-cols_1 valign_top type_default stacking_default\"><div class=\"wpb_column vc_column_container\"><div class=\"vc_column-inner\"><div class=\"w-image align_none\"><div class=\"w-image-h\"><img decoding=\"async\" width=\"1024\" height=\"678\" src=\"https:\/\/alpenrose-ramsau.at\/wp-content\/uploads\/2021\/12\/DSC_4719_opt_01-1024x678.jpg\" class=\"attachment-large size-large\" alt=\"\" loading=\"lazy\" srcset=\"https:\/\/alpenrose-ramsau.at\/wp-content\/uploads\/2021\/12\/DSC_4719_opt_01-1024x678.jpg 1024w, https:\/\/alpenrose-ramsau.at\/wp-content\/uploads\/2021\/12\/DSC_4719_opt_01-300x199.jpg 300w, https:\/\/alpenrose-ramsau.at\/wp-content\/uploads\/2021\/12\/DSC_4719_opt_01-768x509.jpg 768w, https:\/\/alpenrose-ramsau.at\/wp-content\/uploads\/2021\/12\/DSC_4719_opt_01.jpg 2000w\" sizes=\"auto, (max-width: 1024px) 100vw, 1024px\" \/><\/div><\/div><\/div><\/div><div class=\"wpb_column vc_column_container\"><div class=\"vc_column-inner\"><div class=\"w-image align_none\"><div class=\"w-image-h\"><img decoding=\"async\" width=\"1024\" height=\"683\" src=\"https:\/\/alpenrose-ramsau.at\/wp-content\/uploads\/2018\/12\/image-369970-1024x683.jpg\" class=\"attachment-large size-large\" alt=\"Eine Skitour fr\u00fch am Morgen\" loading=\"lazy\" srcset=\"https:\/\/alpenrose-ramsau.at\/wp-content\/uploads\/2018\/12\/image-369970-1024x683.jpg 1024w, https:\/\/alpenrose-ramsau.at\/wp-content\/uploads\/2018\/12\/image-369970-300x200.jpg 300w, https:\/\/alpenrose-ramsau.at\/wp-content\/uploads\/2018\/12\/image-369970-768x512.jpg 768w, https:\/\/alpenrose-ramsau.at\/wp-content\/uploads\/2018\/12\/image-369970.jpg 2000w\" sizes=\"auto, (max-width: 1024px) 100vw, 1024px\" \/><\/div><\/div><\/div><\/div><div class=\"wpb_column vc_column_container\"><div class=\"vc_column-inner\"><div class=\"w-image align_none\"><div class=\"w-image-h\"><img decoding=\"async\" width=\"1000\" height=\"667\" src=\"https:\/\/alpenrose-ramsau.at\/wp-content\/uploads\/2018\/12\/Skifahren_Ramsau.jpg\" class=\"attachment-large size-large\" alt=\"Abfahr nach einer Skitour\" loading=\"lazy\" srcset=\"https:\/\/alpenrose-ramsau.at\/wp-content\/uploads\/2018\/12\/Skifahren_Ramsau.jpg 1000w, https:\/\/alpenrose-ramsau.at\/wp-content\/uploads\/2018\/12\/Skifahren_Ramsau-300x200.jpg 300w, https:\/\/alpenrose-ramsau.at\/wp-content\/uploads\/2018\/12\/Skifahren_Ramsau-768x512.jpg 768w\" sizes=\"auto, (max-width: 1000px) 100vw, 1000px\" \/><\/div><\/div><\/div><\/div><\/div><\/div><\/section>\n","protected":false},"excerpt":{"rendered":"Glitzernder Winterzauber in der Natur Langlaufen, Skaten, Biathlon Direkt am 220 Kilometer umfassenden Langlaufloipen-Netz von Raumsau gelegen, ist das Chalet Alpenrose idealer Ausgangspunkt und R\u00fcckzugsort f\u00fcr sportbegeisterte Amateure und Biathleten, die ihr Training in der Langlauf-Hochburg Ramsau bestreiten. Im Wintersportort Ramsau am Dachstein findet man ein professionelles Biathlon Trainingszentrum\u00a0f\u00fcr alle nordischen Disziplinen. Langl\u00e4ufer, Skater, Biathleten...","protected":false},"author":2,"featured_media":0,"parent":0,"menu_order":5,"comment_status":"closed","ping_status":"closed","template":"","meta":{"footnotes":""},"class_list":["post-1767","page","type-page","status-publish","hentry"],"_links":{"self":[{"href":"https:\/\/alpenrose-ramsau.at\/de\/wp-json\/wp\/v2\/pages\/1767","targetHints":{"allow":["GET"]}}],"collection":[{"href":"https:\/\/alpenrose-ramsau.at\/de\/wp-json\/wp\/v2\/pages"}],"about":[{"href":"https:\/\/alpenrose-ramsau.at\/de\/wp-json\/wp\/v2\/types\/page"}],"author":[{"embeddable":true,"href":"https:\/\/alpenrose-ramsau.at\/de\/wp-json\/wp\/v2\/users\/2"}],"replies":[{"embeddable":true,"href":"https:\/\/alpenrose-ramsau.at\/de\/wp-json\/wp\/v2\/comments?post=1767"}],"version-history":[{"count":59,"href":"https:\/\/alpenrose-ramsau.at\/de\/wp-json\/wp\/v2\/pages\/1767\/revisions"}],"predecessor-version":[{"id":3866,"href":"https:\/\/alpenrose-ramsau.at\/de\/wp-json\/wp\/v2\/pages\/1767\/revisions\/3866"}],"wp:attachment":[{"href":"https:\/\/alpenrose-ramsau.at\/de\/wp-json\/wp\/v2\/media?parent=1767"}],"curies":[{"name":"wp","href":"https:\/\/api.w.org\/{rel}","templated":true}]}}