{"id":1765,"date":"2018-11-27T09:28:12","date_gmt":"2018-11-27T08:28:12","guid":{"rendered":"http:\/\/wordpress.p488960.webspaceconfig.de\/?page_id=1765"},"modified":"2025-05-14T17:28:26","modified_gmt":"2025-05-14T15:28:26","slug":"sommer","status":"publish","type":"page","link":"https:\/\/alpenrose-ramsau.at\/de\/sommer\/","title":{"rendered":"Sommer"},"content":{"rendered":"<section class=\"l-section wpb_row height_large color_alternate with_img\"><div class=\"l-section-img\" role=\"img\" aria-label=\"Bild\" data-img-width=\"2000\" data-img-height=\"1334\" style=\"background-image: url(https:\/\/alpenrose-ramsau.at\/wp-content\/uploads\/2023\/04\/Wandern_im_HerbstcPhoto-Austria-C.H\u00f6flehner-1.jpg);\"><\/div><div class=\"l-section-overlay\" style=\"background:rgba(0,0,0,0.10)\"><\/div><div class=\"l-section-h i-cf\"><div class=\"g-cols vc_row via_grid cols_1 laptops-cols_inherit tablets-cols_inherit mobiles-cols_1 valign_top type_default stacking_default\"><div class=\"wpb_column vc_column_container\"><div class=\"vc_column-inner\"><div class=\"w-separator size_large\"><\/div><div class=\"wpb_text_column\"><div class=\"wpb_wrapper\"><h1 style=\"text-align: center; text-shadow: 2px 2px 4px rgba(0,0,0,0.75);\">Erfrischender Sommer im Gebiet Dachstein<\/h1>\n<\/div><\/div><\/div><\/div><\/div><\/div><\/section><section class=\"l-section wpb_row height_medium\"><div class=\"l-section-h i-cf\"><div class=\"g-cols vc_row via_grid cols_1 laptops-cols_inherit tablets-cols_inherit mobiles-cols_1 valign_top type_default stacking_default\"><div class=\"wpb_column vc_column_container\"><div class=\"vc_column-inner\"><div class=\"wpb_text_column\"><div class=\"wpb_wrapper\"><h2 style=\"text-align: center;\">F\u00fcr Ruhesuchende und Aktivurlauber<\/h2>\n<p style=\"text-align: center;\">Die Kombination aus Natur, Sehensw\u00fcrdigkeiten und dem vielf\u00e4ltigen Unterhaltungsangebot macht Ramsau am Dachstein so einzigartig. Dieser alpine Naturraum erm\u00f6glicht den G\u00e4sten im Ferienchalet Alpenrose abwechslungsreiche Aktivit\u00e4ten und Erlebnisse direkt vor der Haust\u00fcre: Vom <a href=\"https:\/\/www.schladming-dachstein.at\/de\/Sommer\/Wandern-und-Bergsport\" target=\"_blank\" rel=\"noopener\">Wandern<\/a> und <a href=\"https:\/\/www.schladming-dachstein.at\/de\/Sommer\/Biken\" target=\"_blank\" rel=\"noopener\">Biken<\/a> \u00fcber Besuche in einem der zahlreichen Heimat- oder Naturmuseen bis hin zum Meditieren an einem der sch\u00f6nsten Pl\u00e4tze der Erde.<\/p>\n<p style=\"text-align: center;\">Dem entspannten Familienurlaub steht im Ferienchalet in den \u00f6sterreichischen Bergen nichts entgegen. Sowohl der klassische Genusswanderer als auch der sportlich ambitionierte Alpinist kommen in der\u00a0<a href=\"http:\/\/www.derdachstein.at\/dachstein\/de\/Home.html\" target=\"_blank\" rel=\"noopener\">Dachstein-Gegend<\/a>\u00a0voll auf ihre Kosten. Ruhige aber auch anspruchsvolle Wanderm\u00f6glichkeiten rund um Ramsau und Schladming, interessante Erkundungstouren mit Freiluft-Erlebnissen locken sowohl Erwachsene als auch Kinder in die Region rund um den <a href=\"https:\/\/www.schladming-dachstein.at\/de\/Sommer\/Ausflugsberge\/Bergbahn-Dachstein-Sommer\" target=\"_blank\" rel=\"noopener\">Dachstein Gletscher<\/a>.<\/p>\n<\/div><\/div><\/div><\/div><\/div><\/div><\/section><section class=\"l-section wpb_row us_custom_ebb2387b height_large color_footer-top with_img parallax_ver\"><div class=\"l-section-img\" role=\"img\" aria-label=\"Bild\" data-img-width=\"2000\" data-img-height=\"1029\" style=\"background-image: url(https:\/\/alpenrose-ramsau.at\/wp-content\/uploads\/2023\/04\/394960-mtb-giglach-2260-c-martin-huber.jpg);background-position: top center;background-repeat: no-repeat;\"><\/div><div class=\"l-section-h i-cf\"><div class=\"g-cols vc_row via_grid cols_1 laptops-cols_inherit tablets-cols_inherit mobiles-cols_1 valign_middle type_default stacking_default\"><div class=\"wpb_column vc_column_container\"><div class=\"vc_column-inner\"><div class=\"w-separator size_huge\"><\/div><div class=\"wpb_text_column us_custom_aa60275c\"><div class=\"wpb_wrapper\"><p style=\"text-align: center; text-shadow: 2px 2px 4px rgba(0,0,0,0.5);\">Bergauf, bergab radeln &amp; biken<\/p>\n<\/div><\/div><\/div><\/div><\/div><\/div><\/section><section class=\"l-section wpb_row height_medium\"><div class=\"l-section-h i-cf\"><div class=\"g-cols vc_row via_grid cols_1 laptops-cols_inherit tablets-cols_inherit mobiles-cols_1 valign_top type_default stacking_default\"><div class=\"wpb_column vc_column_container\"><div class=\"vc_column-inner\"><div class=\"wpb_text_column\"><div class=\"wpb_wrapper\"><h3 style=\"text-align: center;\">Radsport<\/h3>\n<h2 style=\"text-align: center;\">Die Begeisterung bleibt nicht aus<\/h2>\n<p style=\"text-align: center;\">Egal ob am Berg oder im Tal <strong>auf nie enden wollenden Streckenkilometern<\/strong> in der Dachstein Region findet jedes Zweirad seinen Weg. <strong>Mountainbiker, Rennradfahrer und Panoramaradler<\/strong> kommen in die Region rund um Ramsau um sich zu verausgaben und das <strong>unvergleichbare Panorama<\/strong> zu genie\u00dfen. Ob Downhill-Fahrer, Freestyler oder Mountainbiker &#8211; auf eigens angelegten Strecken und ausgeschilderten Pfaden kann man sich so richtig verausgaben und frei f\u00fchlen.<\/p>\n<\/div><\/div><\/div><\/div><\/div><\/div><\/section><section class=\"l-section wpb_row us_custom_ebb2387b height_large color_footer-top with_img parallax_ver\"><div class=\"l-section-img\" role=\"img\" aria-label=\"Mit den Pferden einen wundersch\u00f6nen Ausflug machen\" data-img-width=\"2000\" data-img-height=\"1332\" style=\"background-image: url(https:\/\/alpenrose-ramsau.at\/wp-content\/uploads\/2018\/12\/image-352225.jpg);background-position: top center;background-repeat: no-repeat;\"><\/div><div class=\"l-section-h i-cf\"><div class=\"g-cols vc_row via_grid cols_1 laptops-cols_inherit tablets-cols_inherit mobiles-cols_1 valign_middle type_default stacking_default\"><div class=\"wpb_column vc_column_container\"><div class=\"vc_column-inner\"><div class=\"w-separator size_huge\"><\/div><div class=\"wpb_text_column us_custom_aa60275c\"><div class=\"wpb_wrapper\"><p style=\"text-align: center; text-shadow: 2px 2px 4px rgba(0,0,0,0.5);\">Mannigfaltige M\u00f6glichkeiten<\/p>\n<\/div><\/div><\/div><\/div><\/div><\/div><\/section><section class=\"l-section wpb_row height_medium\"><div class=\"l-section-h i-cf\"><div class=\"g-cols vc_row via_grid cols_1 laptops-cols_inherit tablets-cols_inherit mobiles-cols_1 valign_top type_default stacking_default\"><div class=\"wpb_column vc_column_container\"><div class=\"vc_column-inner\"><div class=\"wpb_text_column\"><div class=\"wpb_wrapper\"><h3 style=\"text-align: center;\">Auch ohne Wanderschuhe<\/h3>\n<h2 style=\"text-align: center;\">Die Tage vergehen wie im Flug<\/h2>\n<p style=\"text-align: center;\">Ramsau am Dachstein \u00fcberzeugt <strong>Familien, Erlebnishungrige, Ruhesuchende, Naturliebhaber und Sportler<\/strong> mit mannigfaltigen Freizeitm\u00f6glichkeiten und ungez\u00e4hmten Naturgewalten. Der perfekte Ort um <strong>fernab von Hektik und Alltagsstress<\/strong> Ruhe und Entspannung mit unvergesslichen Freizeitaktivit\u00e4ten zu kombinieren. <strong>Frische Bergluft und Bewegung in der Natur<\/strong> wecken neue Lebensgeister und helfen Jungen wie Alten wirkliches Lebensgl\u00fcck zu entdecken.<\/p>\n<p style=\"text-align: center;\">Im <strong>Klettereldorado<\/strong> Ramsau mit dem l\u00e4ngsten Klettersteig mit Vertical Drop \u00d6sterreichs, beim <strong>Canyoning<\/strong>, <strong>Nordic Walking<\/strong>, <strong>Paragliding<\/strong> oder <strong>Reiten<\/strong> kommen Adrenalin-Junkies aller Altersklassen auch abseits des Wandervergn\u00fcgens auf ihre Kosten. <strong>Gem\u00fctliche Ausfl\u00fcge<\/strong> auf den <a href=\"https:\/\/www.schladming-dachstein.at\/de\/Sommer\/Ausflugsberge\/Bergbahn-Ramsau-und-Rittisberg-Sommer\" target=\"_blank\" rel=\"noopener\">Erlebniswelt Rittisberg<\/a>, oder mit der Bahn auf die Berggipfel der Region sorgen f\u00fcr entspannte Sommertage. W\u00e4hrend die einen an ihrem Handicap am <a href=\"https:\/\/www.schladming-dachstein.at\/de\/Sommer\/Golf\" target=\"_blank\" rel=\"noopener\">Golfplatz<\/a> feilen k\u00f6nnen die anderen Familienmitglieder die herrliche Aussicht genie\u00dfen oder sich bei einer der vielen Veranstaltungen unterhalten lassen.<\/p>\n<p style=\"text-align: center;\">Hier finden Sie noch mehr <a href=\"https:\/\/www.schladming-dachstein.at\/de\/Sommer\">Tipps f\u00fcr Ihren Sommerurlaub in Ramsau<\/a>.<\/p>\n<\/div><\/div><\/div><\/div><\/div><\/div><\/section><section class=\"l-section wpb_row height_medium\" id=\"drei-sommerbilder\"><div class=\"l-section-h i-cf\"><div class=\"g-cols vc_row via_grid cols_3 laptops-cols_inherit tablets-cols_inherit mobiles-cols_1 valign_top type_default stacking_default\"><div class=\"wpb_column vc_column_container\"><div class=\"vc_column-inner\"><div class=\"w-image align_none\"><div class=\"w-image-h\"><img decoding=\"async\" width=\"1024\" height=\"682\" src=\"https:\/\/alpenrose-ramsau.at\/wp-content\/uploads\/2023\/04\/Minigolfanlage-Schladming-004-\u00a9-Gerhard-Pilz-2018-1024x682.jpg\" class=\"attachment-large size-large\" alt=\"\" loading=\"lazy\" srcset=\"https:\/\/alpenrose-ramsau.at\/wp-content\/uploads\/2023\/04\/Minigolfanlage-Schladming-004-\u00a9-Gerhard-Pilz-2018-1024x682.jpg 1024w, https:\/\/alpenrose-ramsau.at\/wp-content\/uploads\/2023\/04\/Minigolfanlage-Schladming-004-\u00a9-Gerhard-Pilz-2018-300x200.jpg 300w, https:\/\/alpenrose-ramsau.at\/wp-content\/uploads\/2023\/04\/Minigolfanlage-Schladming-004-\u00a9-Gerhard-Pilz-2018-768x512.jpg 768w, https:\/\/alpenrose-ramsau.at\/wp-content\/uploads\/2023\/04\/Minigolfanlage-Schladming-004-\u00a9-Gerhard-Pilz-2018.jpg 2000w\" sizes=\"auto, (max-width: 1024px) 100vw, 1024px\" \/><\/div><\/div><\/div><\/div><div class=\"wpb_column vc_column_container\"><div class=\"vc_column-inner\"><div class=\"w-image align_none\"><div class=\"w-image-h\"><img decoding=\"async\" width=\"600\" height=\"400\" src=\"https:\/\/alpenrose-ramsau.at\/wp-content\/uploads\/2025\/05\/wandern-region-dachstein-600x400-1.jpg\" class=\"attachment-large size-large\" alt=\"\" loading=\"lazy\" srcset=\"https:\/\/alpenrose-ramsau.at\/wp-content\/uploads\/2025\/05\/wandern-region-dachstein-600x400-1.jpg 600w, https:\/\/alpenrose-ramsau.at\/wp-content\/uploads\/2025\/05\/wandern-region-dachstein-600x400-1-300x200.jpg 300w\" sizes=\"auto, (max-width: 600px) 100vw, 600px\" \/><\/div><\/div><\/div><\/div><div class=\"wpb_column vc_column_container\"><div class=\"vc_column-inner\"><div class=\"w-image align_none\"><div class=\"w-image-h\"><img decoding=\"async\" width=\"1024\" height=\"684\" src=\"https:\/\/alpenrose-ramsau.at\/wp-content\/uploads\/2023\/04\/WanderbildercPhoto-Austria-C.H\u00f6flehner-1024x684.jpg\" class=\"attachment-large size-large\" alt=\"\" loading=\"lazy\" srcset=\"https:\/\/alpenrose-ramsau.at\/wp-content\/uploads\/2023\/04\/WanderbildercPhoto-Austria-C.H\u00f6flehner-1024x684.jpg 1024w, https:\/\/alpenrose-ramsau.at\/wp-content\/uploads\/2023\/04\/WanderbildercPhoto-Austria-C.H\u00f6flehner-300x200.jpg 300w, https:\/\/alpenrose-ramsau.at\/wp-content\/uploads\/2023\/04\/WanderbildercPhoto-Austria-C.H\u00f6flehner-768x513.jpg 768w, https:\/\/alpenrose-ramsau.at\/wp-content\/uploads\/2023\/04\/WanderbildercPhoto-Austria-C.H\u00f6flehner.jpg 2000w\" sizes=\"auto, (max-width: 1024px) 100vw, 1024px\" \/><\/div><\/div><\/div><\/div><\/div><\/div><\/section>\n","protected":false},"excerpt":{"rendered":"Erfrischender Sommer im Gebiet Dachstein F\u00fcr Ruhesuchende und Aktivurlauber Die Kombination aus Natur, Sehensw\u00fcrdigkeiten und dem vielf\u00e4ltigen Unterhaltungsangebot macht Ramsau am Dachstein so einzigartig. Dieser alpine Naturraum erm\u00f6glicht den G\u00e4sten im Ferienchalet Alpenrose abwechslungsreiche Aktivit\u00e4ten und Erlebnisse direkt vor der Haust\u00fcre: Vom Wandern und Biken \u00fcber Besuche in einem der zahlreichen Heimat- oder Naturmuseen bis...","protected":false},"author":2,"featured_media":0,"parent":0,"menu_order":6,"comment_status":"closed","ping_status":"closed","template":"","meta":{"footnotes":""},"class_list":["post-1765","page","type-page","status-publish","hentry"],"_links":{"self":[{"href":"https:\/\/alpenrose-ramsau.at\/de\/wp-json\/wp\/v2\/pages\/1765","targetHints":{"allow":["GET"]}}],"collection":[{"href":"https:\/\/alpenrose-ramsau.at\/de\/wp-json\/wp\/v2\/pages"}],"about":[{"href":"https:\/\/alpenrose-ramsau.at\/de\/wp-json\/wp\/v2\/types\/page"}],"author":[{"embeddable":true,"href":"https:\/\/alpenrose-ramsau.at\/de\/wp-json\/wp\/v2\/users\/2"}],"replies":[{"embeddable":true,"href":"https:\/\/alpenrose-ramsau.at\/de\/wp-json\/wp\/v2\/comments?post=1765"}],"version-history":[{"count":46,"href":"https:\/\/alpenrose-ramsau.at\/de\/wp-json\/wp\/v2\/pages\/1765\/revisions"}],"predecessor-version":[{"id":3888,"href":"https:\/\/alpenrose-ramsau.at\/de\/wp-json\/wp\/v2\/pages\/1765\/revisions\/3888"}],"wp:attachment":[{"href":"https:\/\/alpenrose-ramsau.at\/de\/wp-json\/wp\/v2\/media?parent=1765"}],"curies":[{"name":"wp","href":"https:\/\/api.w.org\/{rel}","templated":true}]}}