{"id":1761,"date":"2018-11-27T09:27:36","date_gmt":"2018-11-27T08:27:36","guid":{"rendered":"http:\/\/wordpress.p488960.webspaceconfig.de\/?page_id=1761"},"modified":"2026-03-19T10:43:19","modified_gmt":"2026-03-19T09:43:19","slug":"preise","status":"publish","type":"page","link":"https:\/\/alpenrose-ramsau.at\/de\/preise\/","title":{"rendered":"Preise"},"content":{"rendered":"<section class=\"l-section wpb_row height_large color_alternate with_img\"><div class=\"l-section-img\" role=\"img\" aria-label=\"Liebevolle Details im gretl\" data-img-width=\"1000\" data-img-height=\"498\" style=\"background-image: url(https:\/\/alpenrose-ramsau.at\/wp-content\/uploads\/2018\/12\/Alpenrose_Fruehstueck.jpg);\"><\/div><div class=\"l-section-overlay\" style=\"background:rgba(0,0,0,0.10)\"><\/div><div class=\"l-section-h i-cf\"><div class=\"g-cols vc_row via_grid cols_1 laptops-cols_inherit tablets-cols_inherit mobiles-cols_1 valign_top type_default stacking_default\"><div class=\"wpb_column vc_column_container\"><div class=\"vc_column-inner\"><div class=\"w-separator size_large\"><\/div><div class=\"wpb_text_column\"><div class=\"wpb_wrapper\"><h1 style=\"text-align: center; text-shadow: 2px 2px 4px rgba(0,0,0,0.75);\">Alpenrose(n) f\u00fcr Ihren Urlaub<\/h1>\n<\/div><\/div><\/div><\/div><\/div><\/div><\/section><section class=\"l-section wpb_row height_medium\" id=\"rett\"><div class=\"l-section-h i-cf\"><div class=\"g-cols vc_row via_grid cols_1 laptops-cols_inherit tablets-cols_inherit mobiles-cols_1 valign_top type_default stacking_default\"><div class=\"wpb_column vc_column_container\"><div class=\"vc_column-inner\"><div class=\"wpb_text_column\"><div class=\"wpb_wrapper\"><h2 style=\"text-align: center;\" data-start=\"100\" data-end=\"218\">Mieten Sie unser charmantes Chalet und genie\u00dfen Sie erholsame Tage in den Bergen!<\/h2>\n<p class=\"\" style=\"text-align: center;\" data-start=\"220\" data-end=\"558\">Unser modernes und liebevoll eingerichtetes Ferienhaus in <strong data-start=\"278\" data-end=\"301\">Ramsau am Dachstein<\/strong> bietet Ihnen die perfekte Unterkunft f\u00fcr Ihren n\u00e4chsten Urlaub \u2013 egal ob im Sommer oder Winter. Die traumhafte Lage inmitten der Alpen macht es zu einem idealen R\u00fcckzugsort f\u00fcr Familien, Paare oder Freundesgruppen, die Erholung und Natur verbinden m\u00f6chten.<\/p>\n<\/div><\/div><div class=\"w-separator size_large\"><\/div><div class=\"wpb_text_column\"><div class=\"wpb_wrapper\"><h2 style=\"text-align: center;\">Preise<\/h2>\n<\/div><\/div><div class=\"w-separator size_small\"><\/div><div class=\"w-pricing style_simple items_3\"><div class=\"w-pricing-item type_default\"><div class=\"w-pricing-item-h\"><div class=\"w-pricing-item-header\"><div class=\"w-pricing-item-title\">Hauptsaison Sommer<\/div><div class=\"w-pricing-item-price\">ab \u20ac 343,-<small>pro Nacht<\/small><\/div><\/div><ul class=\"w-pricing-item-features\"><li class=\"w-pricing-item-feature\">ab 5 N\u00e4chten<\/li><li class=\"w-pricing-item-feature\">flexible An- und Abreisetage<\/li><\/ul><div class=\"w-pricing-item-footer\"><a class=\"w-btn us-btn-style_1\" style=\"font-size:15px\" href=\"https:\/\/alpenrose-ramsau.at\/de\/buchen\/\"><span class=\"w-btn-label\">Buchen<\/span><\/a><\/div><\/div><\/div><div class=\"w-pricing-item type_default\"><div class=\"w-pricing-item-h\"><div class=\"w-pricing-item-header\"><div class=\"w-pricing-item-title\">Zwischensaison<\/div><div class=\"w-pricing-item-price\">ab \u20ac 294,-<small>pro Nacht<\/small><\/div><\/div><ul class=\"w-pricing-item-features\"><li class=\"w-pricing-item-feature\">ab 3 N\u00e4chten<\/li><li class=\"w-pricing-item-feature\">flexible An- und Abreisetage<\/li><\/ul><div class=\"w-pricing-item-footer\"><a class=\"w-btn us-btn-style_1\" style=\"font-size:15px\" href=\"https:\/\/alpenrose-ramsau.at\/de\/buchen\/\"><span class=\"w-btn-label\">Buchen<\/span><\/a><\/div><\/div><\/div><div class=\"w-pricing-item type_default\"><div class=\"w-pricing-item-h\"><div class=\"w-pricing-item-header\"><div class=\"w-pricing-item-title\">Hauptsaison Winter<\/div><div class=\"w-pricing-item-price\">ab \u20ac 398,-<small>pro Nacht<\/small><\/div><\/div><ul class=\"w-pricing-item-features\"><li class=\"w-pricing-item-feature\">ab 7 N\u00e4chten<\/li><li class=\"w-pricing-item-feature\">Anreisetag Samstag<\/li><\/ul><div class=\"w-pricing-item-footer\"><a class=\"w-btn us-btn-style_1\" style=\"font-size:15px\" href=\"https:\/\/alpenrose-ramsau.at\/de\/buchen\/\"><span class=\"w-btn-label\">Buchen<\/span><\/a><\/div><\/div><\/div><\/div><div class=\"w-separator size_small\"><\/div><div class=\"wpb_text_column\"><div class=\"wpb_wrapper\"><p style=\"text-align: center;\"><strong><em>Sondervereinbarungen bez\u00fcglich des Anreisetags sind auf Anfrage m\u00f6glich<\/em><\/strong>.<\/p>\n<p style=\"text-align: center;\">Die Preise gelten bei einer <strong>Standardbelegung von 5 Personen<\/strong>. Jede weitere Person \u20ac 30,-\/pro Nacht.<\/p>\n<p class=\"\" style=\"text-align: center;\" data-start=\"960\" data-end=\"1192\">F\u00fcr Ihren Komfort ist bestens gesorgt: <strong data-start=\"999\" data-end=\"1057\">Bettw\u00e4sche, Handt\u00fccher und Geschirrt\u00fccher<\/strong> sind selbstverst\u00e4ndlich im Mietpreis inbegriffen. Sie m\u00fcssen also nichts mitbringen und k\u00f6nnen direkt nach Ihrer Ankunft entspannen.<\/p>\n<p class=\"\" style=\"text-align: center;\" data-start=\"1194\" data-end=\"1327\">Erleben Sie <strong>unvergessliche Urlaubstage in einem Chalet, das Tradition mit modernem Komfort vereint<\/strong> \u2013 wir freuen uns auf Ihre Anfrage!<\/p>\n<p style=\"text-align: center;\" data-start=\"1194\" data-end=\"1327\">Alle Preise in Euro.<br \/>\nDie Preise verstehen sich pro Nacht, <em>exklusive Aufenthaltsabgabe<\/em> (EUR 3,50 pro Nacht und Person ab dem 15. Lebensjahr) und <em>Endreinigung<\/em> (EUR 250,-). Mindestaufenhaltsdauer 3 N\u00e4chte.<\/p>\n<\/div><\/div><div class=\"w-separator size_medium\"><\/div><div class=\"w-btn-wrapper align_center\"><a class=\"w-btn us-btn-style_3\" href=\"https:\/\/alpenrose-ramsau.at\/de\/buchen\/\"><span class=\"w-btn-label\">Hier klicken und online buchen<\/span><\/a><\/div><div class=\"w-separator size_medium\"><\/div><div class=\"wpb_text_column\"><div class=\"wpb_wrapper\"><h3 style=\"text-align: center;\">Schladming-Dachstein Card<span style=\"color: #ff6600;\"><\/span><\/h3>\n<\/div><\/div><div class=\"w-separator size_small\"><\/div><div class=\"wpb_text_column\"><div class=\"wpb_wrapper\"><p style=\"text-align: center;\">Als G\u00e4stekarten Partner-Betrieb k\u00f6nnen wir Ihnen f\u00fcr Ihren Aufenthalt viele <strong>exklusive Vorteile und Erm\u00e4\u00dfigungen<\/strong> bieten. Sie erhalten die <strong>Schladming-Dachstein Card<\/strong> im Sommer\/Herbst jeweils f\u00fcr die Dauer Ihres Aufenthalts im Boutique Chalet Alpenrose automatisch <strong>kostenlos dazu<\/strong>. F\u00fcr Sie entstehen keine zus\u00e4tzlichen Kosten und Sie genie\u00dfen zahlreiche Angebote und interessante Erm\u00e4\u00dfigungen.<\/p>\n<p style=\"text-align: center;\">Wir freuen uns, diese umfassenden Leistungen f\u00fcr Ihr Freizeitvergn\u00fcgen bieten zu k\u00f6nnen! Weitere Informationen zu den Erm\u00e4\u00dfigungen und Gratis-Attraktionen finden Sie hier:<span style=\"color: #ff6600;\"><br \/>\n<a style=\"color: #ff6600;\" href=\"https:\/\/www.schladming-dachstein.at\/de\/urlaub-planen\/schladming-dachstein-card\" target=\"_blank\" rel=\"noopener\">Schladming-Dachstein Card Inklusivleistungen<\/a><\/span><\/p>\n<\/div><\/div><div class=\"w-separator size_small\"><\/div><div class=\"w-image style_shadow-1 align_center\"><a target=\"_blank\" title=\"Alle Informationen \u00fcber die Schladming-Dachstein-Card\" href=\"https:\/\/www.schladming-dachstein.at\/de\/urlaub-planen\/schladming-dachstein-card\" aria-label=\"Schladming-Dachstein-Card-kostenlos-alpenrose-ramsau\" class=\"w-image-h\"><img decoding=\"async\" width=\"146\" height=\"225\" src=\"https:\/\/alpenrose-ramsau.at\/wp-content\/uploads\/2026\/03\/Schladming-Dachstein-Card-kostenlos-alpenrose-ramsau.png\" class=\"attachment-full size-full\" alt=\"\" loading=\"lazy\" \/><\/a><\/div><div class=\"w-separator size_medium\"><\/div><div class=\"wpb_text_column\"><div class=\"wpb_wrapper\"><h3 style=\"text-align: center;\">Fr\u00fchst\u00fcck- und Abendessen<\/h3>\n<p style=\"text-align: center;\"><strong>Fr\u00fchst\u00fcck und Abendessen<\/strong> k\u00f6nnen Sie gerne im nahe gelegenen <a href=\"https:\/\/www.walcherhof.at\/\" target=\"_blank\" rel=\"noopener\">Walcherhof<\/a> einnehmen.<\/p>\n<\/div><\/div><\/div><\/div><\/div><\/div><\/section><section class=\"l-section wpb_row height_medium\" id=\"drei-sommerbilder\"><div class=\"l-section-h i-cf\"><div class=\"g-cols vc_row via_grid cols_3 laptops-cols_inherit tablets-cols_inherit mobiles-cols_1 valign_top type_default stacking_default\"><div class=\"wpb_column vc_column_container\"><div class=\"vc_column-inner\"><div class=\"w-image align_none\"><div class=\"w-image-h\"><img decoding=\"async\" width=\"1024\" height=\"682\" src=\"https:\/\/alpenrose-ramsau.at\/wp-content\/uploads\/2018\/12\/image-349908-1024x682.jpg\" class=\"attachment-large size-large\" alt=\"Die Neustatt-Alm liegt auf 1529 Metern Seeh\u00f6he und l\u00e4dt zum Besuch ein\" loading=\"lazy\" srcset=\"https:\/\/alpenrose-ramsau.at\/wp-content\/uploads\/2018\/12\/image-349908-1024x682.jpg 1024w, https:\/\/alpenrose-ramsau.at\/wp-content\/uploads\/2018\/12\/image-349908-300x200.jpg 300w, https:\/\/alpenrose-ramsau.at\/wp-content\/uploads\/2018\/12\/image-349908-768x512.jpg 768w, https:\/\/alpenrose-ramsau.at\/wp-content\/uploads\/2018\/12\/image-349908.jpg 2000w\" sizes=\"auto, (max-width: 1024px) 100vw, 1024px\" \/><\/div><\/div><\/div><\/div><div class=\"wpb_column vc_column_container\"><div class=\"vc_column-inner\"><div class=\"w-image align_none\"><div class=\"w-image-h\"><img decoding=\"async\" width=\"1000\" height=\"667\" src=\"https:\/\/alpenrose-ramsau.at\/wp-content\/uploads\/2018\/12\/Wandern_Ramsau.jpg\" class=\"attachment-large size-large\" alt=\"\" loading=\"lazy\" srcset=\"https:\/\/alpenrose-ramsau.at\/wp-content\/uploads\/2018\/12\/Wandern_Ramsau.jpg 1000w, https:\/\/alpenrose-ramsau.at\/wp-content\/uploads\/2018\/12\/Wandern_Ramsau-300x200.jpg 300w, https:\/\/alpenrose-ramsau.at\/wp-content\/uploads\/2018\/12\/Wandern_Ramsau-768x512.jpg 768w\" sizes=\"auto, (max-width: 1000px) 100vw, 1000px\" \/><\/div><\/div><\/div><\/div><div class=\"wpb_column vc_column_container\"><div class=\"vc_column-inner\"><div class=\"w-image align_none\"><div class=\"w-image-h\"><img decoding=\"async\" width=\"1024\" height=\"684\" src=\"https:\/\/alpenrose-ramsau.at\/wp-content\/uploads\/2018\/12\/image-370649-1024x684.jpg\" class=\"attachment-large size-large\" alt=\"Abseits von Wanderungen bietet der Dachstein auch sonst viele Aktivit\u00e4ten\" loading=\"lazy\" srcset=\"https:\/\/alpenrose-ramsau.at\/wp-content\/uploads\/2018\/12\/image-370649-1024x684.jpg 1024w, https:\/\/alpenrose-ramsau.at\/wp-content\/uploads\/2018\/12\/image-370649-300x200.jpg 300w, https:\/\/alpenrose-ramsau.at\/wp-content\/uploads\/2018\/12\/image-370649-768x513.jpg 768w, https:\/\/alpenrose-ramsau.at\/wp-content\/uploads\/2018\/12\/image-370649.jpg 2000w\" sizes=\"auto, (max-width: 1024px) 100vw, 1024px\" \/><\/div><\/div><\/div><\/div><\/div><\/div><\/section>\n","protected":false},"excerpt":{"rendered":"Alpenrose(n) f\u00fcr Ihren Urlaub Mieten Sie unser charmantes Chalet und genie\u00dfen Sie erholsame Tage in den Bergen! Unser modernes und liebevoll eingerichtetes Ferienhaus in Ramsau am Dachstein bietet Ihnen die perfekte Unterkunft f\u00fcr Ihren n\u00e4chsten Urlaub \u2013 egal ob im Sommer oder Winter. Die traumhafte Lage inmitten der Alpen macht es zu einem idealen R\u00fcckzugsort...","protected":false},"author":2,"featured_media":0,"parent":0,"menu_order":3,"comment_status":"closed","ping_status":"closed","template":"","meta":{"footnotes":""},"class_list":["post-1761","page","type-page","status-publish","hentry"],"_links":{"self":[{"href":"https:\/\/alpenrose-ramsau.at\/de\/wp-json\/wp\/v2\/pages\/1761","targetHints":{"allow":["GET"]}}],"collection":[{"href":"https:\/\/alpenrose-ramsau.at\/de\/wp-json\/wp\/v2\/pages"}],"about":[{"href":"https:\/\/alpenrose-ramsau.at\/de\/wp-json\/wp\/v2\/types\/page"}],"author":[{"embeddable":true,"href":"https:\/\/alpenrose-ramsau.at\/de\/wp-json\/wp\/v2\/users\/2"}],"replies":[{"embeddable":true,"href":"https:\/\/alpenrose-ramsau.at\/de\/wp-json\/wp\/v2\/comments?post=1761"}],"version-history":[{"count":137,"href":"https:\/\/alpenrose-ramsau.at\/de\/wp-json\/wp\/v2\/pages\/1761\/revisions"}],"predecessor-version":[{"id":4125,"href":"https:\/\/alpenrose-ramsau.at\/de\/wp-json\/wp\/v2\/pages\/1761\/revisions\/4125"}],"wp:attachment":[{"href":"https:\/\/alpenrose-ramsau.at\/de\/wp-json\/wp\/v2\/media?parent=1761"}],"curies":[{"name":"wp","href":"https:\/\/api.w.org\/{rel}","templated":true}]}}