{"id":1132,"date":"2018-02-10T10:35:23","date_gmt":"2018-02-10T09:35:23","guid":{"rendered":"http:\/\/themebubble.com\/demo\/hotelluxe\/?page_id=4"},"modified":"2026-01-14T15:00:51","modified_gmt":"2026-01-14T14:00:51","slug":"home","status":"publish","type":"page","link":"https:\/\/alpenrose-ramsau.at\/de\/","title":{"rendered":"Home"},"content":{"rendered":"<section class=\"l-section wpb_row hide_on_mobiles height_medium full_height valign_center with_img\" id=\"hero-sommer\"><div class=\"l-section-img\" role=\"img\" aria-label=\"Bild\" data-img-width=\"1920\" data-img-height=\"833\" style=\"background-image: url(https:\/\/alpenrose-ramsau.at\/wp-content\/uploads\/2025\/05\/alpenrose-ramsau-am-dachstein-1920-Foto-Christine-Hoeflehner.jpg);background-position: bottom center;background-repeat: no-repeat;\"><\/div><div class=\"l-section-h i-cf\"><div class=\"g-cols vc_row via_grid cols_1 laptops-cols_inherit tablets-cols_inherit mobiles-cols_1 valign_top type_default stacking_default\"><div class=\"wpb_column vc_column_container has-link\"><div class=\"vc_column-inner\"><div class=\"w-separator hide_on_laptops size_custom\" style=\"height:650px\" id=\"e878\"><style>@media(max-width:1024px){ #e878{height:360px!important}}@media(max-width:600px){ #e878{height:500px!important}}<\/style><\/div><div class=\"w-separator hide_on_default hide_on_tablets hide_on_mobiles size_custom\" style=\"height:450px\" id=\"p96e\"><style>@media(max-width:1024px){ #p96e{height:360px!important}}@media(max-width:600px){ #p96e{height:500px!important}}<\/style><\/div><\/div><a href=\"#intro\" class=\"vc_column-link smooth-scroll\" aria-label=\"Link\"><\/a><\/div><\/div><\/div><\/section><section class=\"l-section wpb_row hide_on_default hide_on_laptops hide_on_tablets height_medium full_height valign_center with_img\" id=\"hero-handy-sommer\"><div class=\"l-section-img\" role=\"img\" aria-label=\"Bild\" data-img-width=\"870\" data-img-height=\"1278\" style=\"background-image: url(https:\/\/alpenrose-ramsau.at\/wp-content\/uploads\/2025\/05\/alpenrose-ramsau-am-dachstein-hpherohoch-Foto-Christine-Hoeflehner.jpg);background-position: bottom center;background-repeat: no-repeat;\"><\/div><div class=\"l-section-h i-cf\"><div class=\"g-cols vc_row via_grid cols_1 laptops-cols_inherit tablets-cols_inherit mobiles-cols_1 valign_top type_default stacking_default\"><div class=\"wpb_column vc_column_container has-link\"><div class=\"vc_column-inner\"><div class=\"w-separator size_custom\" style=\"height:650px\" id=\"q37a\"><style>@media(max-width:1024px){ #q37a{height:360px!important}}@media(max-width:600px){ #q37a{height:500px!important}}<\/style><\/div><\/div><a href=\"#intro\" class=\"vc_column-link smooth-scroll\" aria-label=\"Link\"><\/a><\/div><\/div><\/div><\/section><section class=\"l-section wpb_row height_medium\" id=\"intro\"><div class=\"l-section-h i-cf\"><div class=\"g-cols vc_row via_grid cols_1 laptops-cols_inherit tablets-cols_inherit mobiles-cols_1 valign_top type_default stacking_default\"><div class=\"wpb_column vc_column_container\"><div class=\"vc_column-inner\"><div class=\"wpb_text_column\"><div class=\"wpb_wrapper\"><h1 style=\"text-align: center;\"><span style=\"color: #ff6600;\">Boutique Chalet Alpenrose<\/span><\/h1>\n<\/div><\/div><div class=\"w-separator size_small\"><\/div><div class=\"wpb_text_column\"><div class=\"wpb_wrapper\"><p class=\"\" style=\"text-align: center;\" data-start=\"387\" data-end=\"470\"><strong data-start=\"387\" data-end=\"470\">Ihr Ferienhaus in der Steiermark \u2013 Ruhe, Natur und Nachhaltigkeit in der Ramsau<\/strong><\/p>\n<\/div><\/div><div class=\"w-separator size_small\"><\/div><div class=\"w-btn-wrapper align_center\"><a class=\"w-btn us-btn-style_3\" href=\"https:\/\/alpenrose-ramsau.at\/de\/buchen\/\"><span class=\"w-btn-label\">Jetzt buchen<\/span><\/a><\/div><div class=\"w-separator size_small\"><\/div><div class=\"wpb_text_column\"><div class=\"wpb_wrapper\"><p class=\"\" style=\"text-align: center;\" data-start=\"472\" data-end=\"915\">Das idyllisch gelegene Ferienhaus <strong data-start=\"506\" data-end=\"526\">Alpenrose Ramsau<\/strong> in der \u00f6sterreichischen Steiermark ist ein einzigartiger R\u00fcckzugsort f\u00fcr alle, die Natur, Erholung und Nachhaltigkeit verbinden m\u00f6chten. In absoluter Ruhelage und umgeben von der beeindruckenden Berglandschaft des <strong data-start=\"741\" data-end=\"762\">Dachstein-Massivs<\/strong> liegt dieses besondere Domizil in <strong data-start=\"797\" data-end=\"834\">Alleinlage im Tal der Berg-Ahorne<\/strong> \u2013 ein echter Geheimtipp f\u00fcr einen ungest\u00f6rten <strong data-start=\"881\" data-end=\"914\">Urlaub in Ramsau am Dachstein<\/strong>.<\/p>\n<\/div><\/div><\/div><\/div><\/div><\/div><\/section><section class=\"l-section wpb_row height_auto color_footer-top\" id=\"3-bildboxen\"><div class=\"l-section-h i-cf\"><div class=\"g-cols vc_row via_grid cols_2 laptops-cols_inherit tablets-cols_inherit mobiles-cols_1 valign_bottom type_default stacking_default\" style=\"--columns-gap:1.5rem;\"><div class=\"wpb_column vc_column_container us_custom_18adcff4 has_bg_color has-link\"><div class=\"vc_column-overlay\" style=\"background:rgba(0,0,0,0.3)\"><\/div><div class=\"vc_column-inner\"><div class=\"wpb_text_column\"><div class=\"wpb_wrapper\"><h4>Chalet Gretl<\/h4>\n<\/div><\/div><div class=\"wpb_text_column us_custom_492179a4\"><div class=\"wpb_wrapper\"><p><a href=\"http:\/\/alpenrose-ramsau.at\/de\/chalet-gretl\/\">Details &gt;<\/a><\/p>\n<\/div><\/div><\/div><a href=\"https:\/\/www.alpenrose-ramsau.at\/de\/chalet-gretl\/\" class=\"vc_column-link smooth-scroll\" aria-label=\"Link\"><\/a><\/div><div class=\"wpb_column vc_column_container\"><div class=\"vc_column-inner\"><div class=\"g-cols wpb_row us_custom_237718b0 via_grid cols_1 laptops-cols_inherit tablets-cols_inherit mobiles-cols_1 valign_bottom type_default stacking_default\" style=\"--columns-gap:3rem;\"><div class=\"wpb_column vc_column_container has-link\"><div class=\"vc_column-inner\"><div class=\"wpb_text_column\"><div class=\"wpb_wrapper\"><h4>Preise<\/h4>\n<\/div><\/div><div class=\"wpb_text_column us_custom_492179a4\"><div class=\"wpb_wrapper\"><p><a href=\"http:\/\/alpenrose-ramsau.at\/de\/preise\/\">Details &gt;<\/a><\/p>\n<\/div><\/div><\/div><a href=\"https:\/\/alpenrose-ramsau.at\/de\/preise\/\" class=\"vc_column-link smooth-scroll\" aria-label=\"Link\"><\/a><\/div><\/div><div class=\"w-separator size_small\"><\/div><div class=\"g-cols wpb_row via_grid cols_2 laptops-cols_inherit tablets-cols_inherit mobiles-cols_1 valign_bottom type_default stacking_default\" style=\"--columns-gap:1.5rem;\" id=\"aktivitaeten-sommer\"><div class=\"wpb_column vc_column_container us_custom_18218032 has_bg_color has-link\"><div class=\"vc_column-overlay\" style=\"background:rgba(0,0,0,0.35)\"><\/div><div class=\"vc_column-inner\"><div class=\"wpb_text_column\"><div class=\"wpb_wrapper\"><h4>Aktivit\u00e4ten<\/h4>\n<\/div><\/div><div class=\"wpb_text_column us_custom_492179a4\"><div class=\"wpb_wrapper\"><p><a href=\"http:\/\/alpenrose-ramsau.at\/de\/sommer\/\">Details &gt;<\/a><\/p>\n<\/div><\/div><\/div><a href=\"https:\/\/alpenrose-ramsau.at\/de\/sommer\/\" class=\"vc_column-link smooth-scroll\" aria-label=\"Link\"><\/a><\/div><div class=\"wpb_column vc_column_container us_custom_5cd216e6 has_bg_color has-link\"><div class=\"vc_column-overlay\" style=\"background:rgba(0,0,0,0.35)\"><\/div><div class=\"vc_column-inner\"><div class=\"wpb_text_column\"><div class=\"wpb_wrapper\"><h4>Buchen<\/h4>\n<\/div><\/div><div class=\"wpb_text_column us_custom_492179a4\"><div class=\"wpb_wrapper\"><p><a href=\"http:\/\/alpenrose-ramsau.at\/de\/buchen\/\">Details &gt;<\/a><\/p>\n<\/div><\/div><\/div><a href=\"https:\/\/alpenrose-ramsau.at\/de\/buchen\/\" class=\"vc_column-link smooth-scroll\" aria-label=\"Link\"><\/a><\/div><\/div><\/div><\/div><\/div><\/div><\/section><section class=\"l-section wpb_row double-headline height_medium\" id=\"auszeit\"><div class=\"l-section-h i-cf\"><div class=\"g-cols vc_row via_grid cols_1 laptops-cols_inherit tablets-cols_inherit mobiles-cols_1 valign_top type_default stacking_default\"><div class=\"wpb_column vc_column_container\"><div class=\"vc_column-inner\"><div class=\"w-btn-wrapper align_center\"><a class=\"w-btn us-btn-style_3\" href=\"https:\/\/www.alpenrose-ramsau.at\/de\/chalet-gretl\/\"><span class=\"w-btn-label\">Zum Chalet<\/span><\/a><\/div><div class=\"w-separator size_small\"><\/div><div class=\"wpb_text_column\"><div class=\"wpb_wrapper\"><h2 class=\"title\" style=\"text-align: center;\">Genie\u00dfen Sie bei uns eine entspannte Auszeit<\/h2>\n<p class=\"\" style=\"text-align: center;\" data-start=\"917\" data-end=\"1404\">Die Ferienunterkunft \u00fcberzeugt nicht nur durch ihre traumhafte Lage, sondern auch durch ihren besonderen Charme. Das historische Geb\u00e4ude wurde im Jahr 2013 mit viel Liebe zum Detail vollst\u00e4ndig renoviert. Dabei kamen ausschlie\u00dflich organische, regionale Materialien zum Einsatz. Heute pr\u00e4sentiert sich das <strong data-start=\"1223\" data-end=\"1242\">PlusEnergieHaus<\/strong> als modernes, nachhaltiges Ferienhaus, das h\u00f6chsten \u00f6kologischen Anspr\u00fcchen gerecht wird \u2013 ideal f\u00fcr bewusste Reisende, die auf Komfort nicht verzichten m\u00f6chten.<\/p>\n<p class=\"\" style=\"text-align: center;\" data-start=\"1406\" data-end=\"1775\"><strong>Ob wandern im Sommer oder Skiurlaub im Winter:<\/strong> Die Ramsau ist das ganze Jahr \u00fcber eine beliebte Ferienregion f\u00fcr Wanderer, Skifahrer, Kletterer und Ruhesuchende gleicherma\u00dfen. Direkt vom Ferienhaus starten Sie in zahlreiche <strong data-start=\"1606\" data-end=\"1638\">Wander- und Langlaufstrecken<\/strong>, ohne auf Verkehr oder Hektik zu sto\u00dfen. Auch das imposante Panorama der <strong data-start=\"1712\" data-end=\"1738\">S\u00fcdwand des Dachsteins<\/strong> begleitet Sie auf Schritt und Tritt.<\/p>\n<\/div><\/div><\/div><\/div><\/div><\/div><\/section><section class=\"l-section wpb_row height_auto color_footer-top\" id=\"flip-boxes\"><div class=\"l-section-h i-cf\"><div class=\"g-cols vc_row via_grid cols_2 laptops-cols_inherit tablets-cols_inherit mobiles-cols_1 valign_top type_default stacking_default\"><div class=\"wpb_column vc_column_container\"><div class=\"vc_column-inner\"><div class=\"w-flipbox animation_cardflip direction_w\"><div class=\"w-flipbox-h easing_ease\" style=\"transition-duration:0.5s;\"><div class=\"w-flipbox-hh\"><div class=\"w-flipbox-front us_custom_447bff20\" style=\"background-image:url(https:\/\/alpenrose-ramsau.at\/wp-content\/uploads\/2025\/04\/schlafzimmer-35bl.jpg);\"><div class=\"w-flipbox-front-h\"><h4 class=\"w-flipbox-front-title\">Check-In<br \/>\nund Check-Out<\/h4><\/div><\/div><div class=\"w-flipbox-back us_custom_447bff20\" style=\"display:none;background:var(--color-content-faded);color:var(--color-header-top-text);\"><div class=\"w-flipbox-back-h\"><h4 class=\"w-flipbox-back-title\">Check-In<br \/>\nund Check-Out<\/h4><div class=\"w-flipbox-back-desc\"><p>Genie\u00dfen Sie eine stressfreie Anreise! Dank unseres flexiblen Check-ins k\u00f6nnen Sie Ihr Zimmer bequem und unkompliziert beziehen \u2013 ganz nach Ihrem Zeitplan.<\/p>\n<\/div><\/div><\/div><\/div><\/div><\/div><\/div><\/div><div class=\"wpb_column vc_column_container\"><div class=\"vc_column-inner\"><div class=\"w-flipbox animation_cardflip direction_w\"><div class=\"w-flipbox-h easing_ease\" style=\"transition-duration:0.5s;\"><div class=\"w-flipbox-hh\"><div class=\"w-flipbox-front us_custom_447bff20\" style=\"background-image:url(https:\/\/alpenrose-ramsau.at\/wp-content\/uploads\/2025\/04\/kamin-35bl.jpg);\"><div class=\"w-flipbox-front-h\"><h4 class=\"w-flipbox-front-title\">Unsere Buchungsbedingungen<\/h4><\/div><\/div><div class=\"w-flipbox-back us_custom_447bff20\" style=\"display:none;background:var(--color-content-faded);color:var(--color-header-top-text);\"><div class=\"w-flipbox-back-h\"><h4 class=\"w-flipbox-back-title\">Unsere Buchungsbedingungen<\/h4><div class=\"w-flipbox-back-desc\"><p>Planungssicherheit f\u00fcr Ihren Urlaub: Bis 3 Monate vor Anreise k\u00f6nnen Sie kostenlos stornieren. Danach gelten gestaffelte Geb\u00fchren, damit wir fair f\u00fcr alle G\u00e4ste planen k\u00f6nnen.<\/p>\n<\/div><\/div><\/div><\/div><\/div><\/div><\/div><\/div><\/div><\/div><\/section><section class=\"l-section wpb_row height_medium\" id=\"freiraum\"><div class=\"l-section-h i-cf\"><div class=\"g-cols vc_row via_grid cols_1 laptops-cols_inherit tablets-cols_inherit mobiles-cols_1 valign_top type_default stacking_default\"><div class=\"wpb_column vc_column_container\"><div class=\"vc_column-inner\"><div class=\"wpb_text_column\"><div class=\"wpb_wrapper\"><h2 style=\"text-align: center;\" data-start=\"1777\" data-end=\"2159\">Atmen Sie tief durch &#8211; frische Luft und viel Freiraum<\/h2>\n<p class=\"\" style=\"text-align: center;\" data-start=\"1777\" data-end=\"2159\">Wer einen <strong data-start=\"1787\" data-end=\"1820\">Natururlaub in der Steiermark<\/strong> plant, wird sich in der Alpenrose sofort zuhause f\u00fchlen. Die Kombination aus Ruhe, alpiner Landschaft und nachhaltigem Wohnkomfort schafft die ideale Basis f\u00fcr Erholung und neue Energie. Durch die abgeschiedene Lage erleben G\u00e4ste hier eine selten gewordene Form der Stille und Privatheit \u2013 perfekt f\u00fcr Paare, Familien oder kleine Gruppen.<\/p>\n<p class=\"\" style=\"text-align: center;\" data-start=\"2161\" data-end=\"2407\">Entdecken Sie die unvergleichliche Atmosph\u00e4re der <strong data-start=\"2211\" data-end=\"2231\">Alpenrose Ramsau<\/strong> \u2013 ein Ferienhaus, das weit mehr ist als nur eine Unterkunft. Es ist ein Ort zum Innehalten, Durchatmen und Genie\u00dfen. Willkommen in Ihrem pers\u00f6nlichen R\u00fcckzugsort in den Alpen!<\/p>\n<\/div><\/div><\/div><\/div><\/div><\/div><\/section><section class=\"l-section wpb_row height_small color_footer-top\" id=\"promos-bottom\"><div class=\"l-section-h i-cf\"><div class=\"g-cols vc_row via_grid cols_1 laptops-cols_inherit tablets-cols_inherit mobiles-cols_1 valign_top type_default stacking_default\"><div class=\"wpb_column vc_column_container\"><div class=\"vc_column-inner\"><div class=\"g-cols wpb_row us_custom_56e723d1 via_grid cols_1 laptops-cols_inherit tablets-cols_inherit mobiles-cols_1 valign_bottom type_default stacking_default\" style=\"--columns-gap:3rem;\"><div class=\"wpb_column vc_column_container has-link\"><div class=\"vc_column-inner\"><div class=\"wpb_text_column\"><div class=\"wpb_wrapper\"><h4>\u00d6kologische Baustoffe in alpinem Design<\/h4>\n<\/div><\/div><div class=\"wpb_text_column\"><div class=\"wpb_wrapper\"><p><a href=\"http:\/\/alpenrose-ramsau.at\/de\/architektur\/\">Das Chalet Alpenrose wurde unter der Ber\u00fccksichtigung besonderer \u00f6kologischer<br \/>\nund architektonischer Gesichtspunkte komplett renoviert<\/a><\/p>\n<\/div><\/div><\/div><a href=\"https:\/\/alpenrose-ramsau.at\/de\/architektur\/\" class=\"vc_column-link smooth-scroll\" aria-label=\"Link\"><\/a><\/div><\/div><div class=\"w-separator size_small\"><\/div><div class=\"g-cols wpb_row via_grid cols_2 laptops-cols_inherit tablets-cols_inherit mobiles-cols_1 valign_bottom type_default stacking_default\" style=\"--columns-gap:1.5rem;\"><div class=\"wpb_column vc_column_container us_custom_40d561c9 has_bg_color has-link\"><div class=\"vc_column-overlay\" style=\"background:rgba(0,0,0,0.35)\"><\/div><div class=\"vc_column-inner\"><div class=\"wpb_text_column\"><div class=\"wpb_wrapper\"><h4>Naturerlebnis pur!<\/h4>\n<\/div><\/div><div class=\"wpb_text_column\"><div class=\"wpb_wrapper\"><p><a href=\"http:\/\/alpenrose-ramsau.at\/de\/sommer\/\">Wanderwege unterschiedlichsten Schweregrade mit zahlreichen interessanten Wegen<\/a><\/p>\n<\/div><\/div><\/div><a href=\"https:\/\/alpenrose-ramsau.at\/de\/sommer\/\" class=\"vc_column-link smooth-scroll\" aria-label=\"Link\"><\/a><\/div><div class=\"wpb_column vc_column_container us_custom_d1cf414f has_bg_color has-link\"><div class=\"vc_column-overlay\" style=\"background:rgba(0,0,0,0.35)\"><\/div><div class=\"vc_column-inner\"><div class=\"wpb_text_column\"><div class=\"wpb_wrapper\"><h4>Endloses Skivergn\u00fcgen<\/h4>\n<\/div><\/div><div class=\"wpb_text_column\"><div class=\"wpb_wrapper\"><p><a href=\"http:\/\/alpenrose-ramsau.at\/de\/winter\/\">Glitzernde H\u00e4nge, fesselnde Abfahrten, Erlebnisse auf und abseits der Pisten und ein atemberaubendes Alpenpanorama<\/a><\/p>\n<\/div><\/div><\/div><a href=\"https:\/\/alpenrose-ramsau.at\/de\/winter\/\" class=\"vc_column-link smooth-scroll\" aria-label=\"Link\"><\/a><\/div><\/div><\/div><\/div><\/div><\/div><\/section>\n","protected":false},"excerpt":{"rendered":"Boutique Chalet Alpenrose Ihr Ferienhaus in der Steiermark \u2013 Ruhe, Natur und Nachhaltigkeit in der Ramsau Jetzt buchenDas idyllisch gelegene Ferienhaus Alpenrose Ramsau in der \u00f6sterreichischen Steiermark ist ein einzigartiger R\u00fcckzugsort f\u00fcr alle, die Natur, Erholung und Nachhaltigkeit verbinden m\u00f6chten. In absoluter Ruhelage und umgeben von der beeindruckenden Berglandschaft des Dachstein-Massivs liegt dieses besondere Domizil...","protected":false},"author":2,"featured_media":3404,"parent":0,"menu_order":1,"comment_status":"closed","ping_status":"closed","template":"","meta":{"footnotes":""},"class_list":["post-1132","page","type-page","status-publish","has-post-thumbnail","hentry"],"_links":{"self":[{"href":"https:\/\/alpenrose-ramsau.at\/de\/wp-json\/wp\/v2\/pages\/1132","targetHints":{"allow":["GET"]}}],"collection":[{"href":"https:\/\/alpenrose-ramsau.at\/de\/wp-json\/wp\/v2\/pages"}],"about":[{"href":"https:\/\/alpenrose-ramsau.at\/de\/wp-json\/wp\/v2\/types\/page"}],"author":[{"embeddable":true,"href":"https:\/\/alpenrose-ramsau.at\/de\/wp-json\/wp\/v2\/users\/2"}],"replies":[{"embeddable":true,"href":"https:\/\/alpenrose-ramsau.at\/de\/wp-json\/wp\/v2\/comments?post=1132"}],"version-history":[{"count":319,"href":"https:\/\/alpenrose-ramsau.at\/de\/wp-json\/wp\/v2\/pages\/1132\/revisions"}],"predecessor-version":[{"id":4108,"href":"https:\/\/alpenrose-ramsau.at\/de\/wp-json\/wp\/v2\/pages\/1132\/revisions\/4108"}],"wp:featuredmedia":[{"embeddable":true,"href":"https:\/\/alpenrose-ramsau.at\/de\/wp-json\/wp\/v2\/media\/3404"}],"wp:attachment":[{"href":"https:\/\/alpenrose-ramsau.at\/de\/wp-json\/wp\/v2\/media?parent=1132"}],"curies":[{"name":"wp","href":"https:\/\/api.w.org\/{rel}","templated":true}]}}